{"id":101,"date":"2022-05-28T13:58:18","date_gmt":"2022-05-28T11:58:18","guid":{"rendered":"https:\/\/www.pleyberfoot.fr\/?page_id=101"},"modified":"2022-06-04T14:13:35","modified_gmt":"2022-06-04T12:13:35","slug":"la-cuvee-de-letoile","status":"publish","type":"page","link":"https:\/\/www.pleyberfoot.fr\/index.php\/operations\/la-cuvee-de-letoile\/","title":{"rendered":"La Cuv\u00e9e de l&rsquo;Etoile"},"content":{"rendered":"\n<p>C&rsquo;est reparti pour une nouvelle op\u00e9ration Cuv\u00e9e avec cette fois-ci, une nouveaut\u00e9 avec cet:<br><br>AOP Grignan Les Adh\u00e9mar \u00ab\u00a0La Petite Verdi\u00e8re\u00a0\u00bb de la Vall\u00e9e du Rh\u00f4ne !<\/p>\n\n\n\n<p>Tarif: <strong>40\u20ac le carton de 6 bouteilles<\/strong><br>Commandes aupr\u00e8s de Jean-Claude (06 08 26 44 05) ou Dan (06 89 83 56 35)<\/p>\n\n\n\n<p>A consommer avec mod\u00e9ration bien s\u00fbr <img loading=\"lazy\" decoding=\"async\" height=\"16\" width=\"16\" src=\"https:\/\/static.xx.fbcdn.net\/images\/emoji.php\/v9\/t4c\/1\/16\/1f642.png\" alt=\"\ud83d\ude42\"><\/p>\n\n\n\n<figure class=\"wp-block-image size-full\"><img loading=\"lazy\" decoding=\"async\" width=\"494\" height=\"703\" src=\"https:\/\/www.pleyberfoot.fr\/wp-content\/uploads\/2022\/06\/Capture-de\u0301cran-2022-06-04-a\u0300-14.12.00.png\" alt=\"\" class=\"wp-image-254\" srcset=\"https:\/\/www.pleyberfoot.fr\/wp-content\/uploads\/2022\/06\/Capture-de\u0301cran-2022-06-04-a\u0300-14.12.00.png 494w, https:\/\/www.pleyberfoot.fr\/wp-content\/uploads\/2022\/06\/Capture-de\u0301cran-2022-06-04-a\u0300-14.12.00-211x300.png 211w\" sizes=\"auto, (max-width: 494px) 100vw, 494px\" \/><\/figure>\n","protected":false},"excerpt":{"rendered":"<p>C&rsquo;est reparti pour une nouvelle op\u00e9ration Cuv\u00e9e avec cette fois-ci, une nouveaut\u00e9 avec cet: AOP Grignan Les Adh\u00e9mar \u00ab\u00a0La Petite Verdi\u00e8re\u00a0\u00bb de la Vall\u00e9e du &hellip; <\/p>\n","protected":false},"author":1,"featured_media":0,"parent":99,"menu_order":0,"comment_status":"closed","ping_status":"closed","template":"","meta":{"footnotes":""},"class_list":["post-101","page","type-page","status-publish","hentry"],"_links":{"self":[{"href":"https:\/\/www.pleyberfoot.fr\/index.php\/wp-json\/wp\/v2\/pages\/101","targetHints":{"allow":["GET"]}}],"collection":[{"href":"https:\/\/www.pleyberfoot.fr\/index.php\/wp-json\/wp\/v2\/pages"}],"about":[{"href":"https:\/\/www.pleyberfoot.fr\/index.php\/wp-json\/wp\/v2\/types\/page"}],"author":[{"embeddable":true,"href":"https:\/\/www.pleyberfoot.fr\/index.php\/wp-json\/wp\/v2\/users\/1"}],"replies":[{"embeddable":true,"href":"https:\/\/www.pleyberfoot.fr\/index.php\/wp-json\/wp\/v2\/comments?post=101"}],"version-history":[{"count":2,"href":"https:\/\/www.pleyberfoot.fr\/index.php\/wp-json\/wp\/v2\/pages\/101\/revisions"}],"predecessor-version":[{"id":255,"href":"https:\/\/www.pleyberfoot.fr\/index.php\/wp-json\/wp\/v2\/pages\/101\/revisions\/255"}],"up":[{"embeddable":true,"href":"https:\/\/www.pleyberfoot.fr\/index.php\/wp-json\/wp\/v2\/pages\/99"}],"wp:attachment":[{"href":"https:\/\/www.pleyberfoot.fr\/index.php\/wp-json\/wp\/v2\/media?parent=101"}],"curies":[{"name":"wp","href":"https:\/\/api.w.org\/{rel}","templated":true}]}}